{"id":21,"date":"2011-05-03T23:08:08","date_gmt":"2011-05-03T21:08:08","guid":{"rendered":"http:\/\/www.cekarny.cz\/?page_id=21"},"modified":"2011-08-29T19:14:00","modified_gmt":"2011-08-29T17:14:00","slug":"fotky","status":"publish","type":"page","link":"https:\/\/www.cekarny.cz\/?page_id=21","title":{"rendered":"Fotky"},"content":{"rendered":"<p>A tady jsou fotky \u010dek\u00e1ren &#8230; nejd\u0159\u00edve t\u011bch, co jsem nafotil j\u00e1, ale budu r\u00e1d, kdy\u017e mi svoje \u00falovky po\u0161lete.<\/p>\n<p><strong><span style=\"color: #000080;\">\u010cesk\u00e9 \u010dek\u00e1rny:<\/span><\/strong><br \/>\nngg_shortcode_0_placeholder<\/p>\n<p><span style=\"color: #000080;\"><strong>Zahrani\u010dn\u00ed \u010dek\u00e1rny:<\/strong><\/span><br \/>\nngg_shortcode_1_placeholder<\/p>\n<p>&nbsp;<\/p>\n","protected":false},"excerpt":{"rendered":"<p>A tady jsou fotky \u010dek\u00e1ren &#8230; nejd\u0159\u00edve t\u011bch, co jsem nafotil j\u00e1, ale budu r\u00e1d, kdy\u017e mi svoje \u00falovky po\u0161lete. \u010cesk\u00e9 \u010dek\u00e1rny: Zahrani\u010dn\u00ed \u010dek\u00e1rny: &nbsp;<\/p>\n","protected":false},"author":3,"featured_media":0,"parent":0,"menu_order":0,"comment_status":"open","ping_status":"closed","template":"","meta":{"ngg_post_thumbnail":0,"footnotes":""},"class_list":["post-21","page","type-page","status-publish","hentry"],"_links":{"self":[{"href":"https:\/\/www.cekarny.cz\/index.php?rest_route=\/wp\/v2\/pages\/21","targetHints":{"allow":["GET"]}}],"collection":[{"href":"https:\/\/www.cekarny.cz\/index.php?rest_route=\/wp\/v2\/pages"}],"about":[{"href":"https:\/\/www.cekarny.cz\/index.php?rest_route=\/wp\/v2\/types\/page"}],"author":[{"embeddable":true,"href":"https:\/\/www.cekarny.cz\/index.php?rest_route=\/wp\/v2\/users\/3"}],"replies":[{"embeddable":true,"href":"https:\/\/www.cekarny.cz\/index.php?rest_route=%2Fwp%2Fv2%2Fcomments&post=21"}],"version-history":[{"count":24,"href":"https:\/\/www.cekarny.cz\/index.php?rest_route=\/wp\/v2\/pages\/21\/revisions"}],"predecessor-version":[{"id":25,"href":"https:\/\/www.cekarny.cz\/index.php?rest_route=\/wp\/v2\/pages\/21\/revisions\/25"}],"wp:attachment":[{"href":"https:\/\/www.cekarny.cz\/index.php?rest_route=%2Fwp%2Fv2%2Fmedia&parent=21"}],"curies":[{"name":"wp","href":"https:\/\/api.w.org\/{rel}","templated":true}]}}