{"id":10,"date":"2011-05-02T09:22:39","date_gmt":"2011-05-02T07:22:39","guid":{"rendered":"http:\/\/www.cekarny.cz\/?page_id=10"},"modified":"2011-06-03T14:09:59","modified_gmt":"2011-06-03T12:09:59","slug":"uvod","status":"publish","type":"page","link":"https:\/\/www.cekarny.cz\/","title":{"rendered":"\u00davod"},"content":{"rendered":"<p><strong>V\u00edtejte na str\u00e1nk\u00e1ch v\u011bnovan\u00fdch nejen autobusov\u00fdm \u010dek\u00e1rn\u00e1m a zast\u00e1vk\u00e1m!<\/strong><\/p>\n<p>Tyto str\u00e1nky budou ukazovat, jak kr\u00e1sn\u011b r\u016fznorod\u00e9 autobusov\u00e9 \u010dek\u00e1rny nejen v na\u0161\u00ed republice m\u00e1me. O\u0161kliv\u00e9 i p\u011bkn\u00e9, nov\u00e9 i star\u00e9, ale hlavn\u011b, \u0159ekl bych, \u017ee skoro v\u0161ude jin\u00e9. Neli\u0161\u00ed se jen po okresech, kde je d\u0159\u00edve zaopat\u0159ovaly \u010cSAD, ale li\u0161\u00ed se od vesnice k vesnici. Prost\u011b radost pohled\u011bt na tu invenci, n\u00e1pady a r\u016fzn\u00e1 proveden\u00ed. \ud83d\ude42<\/p>\n<p>Pak se taky asi zm\u00edn\u00edm, jak se \u010dlov\u011bk v takov\u00fdch \u010dek\u00e1rn\u00e1ch m\u016f\u017ee c\u00edtit, co tam d\u011bl\u00e1, pro\u010d tam je a kam se z \u010dek\u00e1rny pak chod\u00ed.<\/p>\n<p>Prost\u011b nen\u00ed \u010dek\u00e1rna jako \u010dek\u00e1rna &#8230;<\/p>\n","protected":false},"excerpt":{"rendered":"<p>V\u00edtejte na str\u00e1nk\u00e1ch v\u011bnovan\u00fdch nejen autobusov\u00fdm \u010dek\u00e1rn\u00e1m a zast\u00e1vk\u00e1m! Tyto str\u00e1nky budou ukazovat, jak kr\u00e1sn\u011b r\u016fznorod\u00e9 autobusov\u00e9 \u010dek\u00e1rny nejen v na\u0161\u00ed republice m\u00e1me. O\u0161kliv\u00e9 i p\u011bkn\u00e9, nov\u00e9 i star\u00e9, ale hlavn\u011b, \u0159ekl bych, \u017ee skoro v\u0161ude jin\u00e9. Neli\u0161\u00ed se jen &hellip; <a href=\"https:\/\/www.cekarny.cz\/\">Cel\u00fd p\u0159\u00edsp\u011bvek <span class=\"meta-nav\">&rarr;<\/span><\/a><\/p>\n","protected":false},"author":3,"featured_media":0,"parent":0,"menu_order":0,"comment_status":"closed","ping_status":"closed","template":"","meta":{"ngg_post_thumbnail":0,"footnotes":""},"class_list":["post-10","page","type-page","status-publish","hentry"],"_links":{"self":[{"href":"https:\/\/www.cekarny.cz\/index.php?rest_route=\/wp\/v2\/pages\/10","targetHints":{"allow":["GET"]}}],"collection":[{"href":"https:\/\/www.cekarny.cz\/index.php?rest_route=\/wp\/v2\/pages"}],"about":[{"href":"https:\/\/www.cekarny.cz\/index.php?rest_route=\/wp\/v2\/types\/page"}],"author":[{"embeddable":true,"href":"https:\/\/www.cekarny.cz\/index.php?rest_route=\/wp\/v2\/users\/3"}],"replies":[{"embeddable":true,"href":"https:\/\/www.cekarny.cz\/index.php?rest_route=%2Fwp%2Fv2%2Fcomments&post=10"}],"version-history":[{"count":6,"href":"https:\/\/www.cekarny.cz\/index.php?rest_route=\/wp\/v2\/pages\/10\/revisions"}],"predecessor-version":[{"id":82,"href":"https:\/\/www.cekarny.cz\/index.php?rest_route=\/wp\/v2\/pages\/10\/revisions\/82"}],"wp:attachment":[{"href":"https:\/\/www.cekarny.cz\/index.php?rest_route=%2Fwp%2Fv2%2Fmedia&parent=10"}],"curies":[{"name":"wp","href":"https:\/\/api.w.org\/{rel}","templated":true}]}}